{"id":112,"date":"2021-05-18T16:01:21","date_gmt":"2021-05-18T14:01:21","guid":{"rendered":"https:\/\/wittener-isc.de\/?page_id=112"},"modified":"2021-11-25T13:09:44","modified_gmt":"2021-11-25T12:09:44","slug":"startseite","status":"publish","type":"page","link":"https:\/\/wittener-isc.de\/ls\/","title":{"rendered":"Startseite"},"content":{"rendered":"<table class=\"table table-striped\">\n<tbody>\n<tr>\n<td><span style=\"font-size: 14pt;\">Hier sind Informationen.\u00a0<\/span><\/p>\n<p><span style=\"font-size: 14pt;\">\u00dcber den\u00a0<strong>ISC<\/strong>.<\/span><\/p>\n<p><span style=\"font-size: 14pt;\">Das hei\u00dft:<\/span><\/p>\n<p><span style=\"font-size: 14pt;\"><strong>Inklusiver Sport-Club Witten<\/strong>.<\/span><\/td>\n<td><img loading=\"lazy\" decoding=\"async\" class=\"alignnone size-medium wp-image-12170\" src=\"https:\/\/www.lebenshilfe-witten.de\/wp-content\/uploads\/2020\/07\/Logo_final-300x155.jpg\" sizes=\"auto, (max-width: 300px) 100vw, 300px\" srcset=\"https:\/\/www.lebenshilfe-witten.de\/wp-content\/uploads\/2020\/07\/Logo_final-300x155.jpg 300w, https:\/\/www.lebenshilfe-witten.de\/wp-content\/uploads\/2020\/07\/Logo_final-1024x528.jpg 1024w, https:\/\/www.lebenshilfe-witten.de\/wp-content\/uploads\/2020\/07\/Logo_final-768x396.jpg 768w, https:\/\/www.lebenshilfe-witten.de\/wp-content\/uploads\/2020\/07\/Logo_final-1536x792.jpg 1536w, https:\/\/www.lebenshilfe-witten.de\/wp-content\/uploads\/2020\/07\/Logo_final.jpg 1892w\" alt=\"\" width=\"300\" height=\"155\" \/><\/td>\n<\/tr>\n<tr>\n<td><span style=\"font-size: 14pt;\">Seit 2 Jahren gibt es den ISC.\u00a0<\/span><\/p>\n<p><span style=\"font-size: 14pt;\">Der ISC macht Sport-Kurse.<\/span><\/p>\n<p><span style=\"font-size: 14pt;\">F\u00fcr Menschen mit Behinderungen.<\/span><\/p>\n<p><span style=\"font-size: 14pt;\">Und f\u00fcr Menschen ohne Behinderungen.<\/span><\/p>\n<p><span style=\"font-size: 14pt;\">Die Kurse sind f\u00fcr alle gemeinsam.<\/span><\/td>\n<td><\/td>\n<\/tr>\n<tr>\n<td><span style=\"font-size: 14pt;\">Unten auf dieser Seite finden Sie die Kurse.\u00a0<\/span><\/p>\n<p><span style=\"font-size: 14pt;\">Es gibt R\u00fccken-Kurse.<\/span><\/p>\n<p><span style=\"font-size: 14pt;\">Diese Kurse sind f\u00fcr einen gesunden R\u00fccken.<\/span><\/td>\n<\/tr>\n<\/tbody>\n<\/table>\n","protected":false},"excerpt":{"rendered":"<p>Hier sind Informationen.\u00a0 \u00dcber den\u00a0ISC. Das hei\u00dft: Inklusiver Sport-Club Witten. Seit 2 Jahren gibt es den ISC.\u00a0 Der ISC macht Sport-Kurse. F\u00fcr Menschen mit Behinderungen. Und f\u00fcr Menschen ohne Behinderungen. Die Kurse sind f\u00fcr alle gemeinsam. Unten auf dieser Seite finden Sie die Kurse.\u00a0 Es gibt R\u00fccken-Kurse. Diese Kurse sind f\u00fcr einen gesunden R\u00fccken. [&#8230;]<\/p>\n<p><a href=\"https:\/\/wittener-isc.de\/ls\/\"><button class=\"read-more\">Weiterlesen<\/button><\/a><\/p>\n","protected":false},"author":1,"featured_media":192,"parent":0,"menu_order":0,"comment_status":"closed","ping_status":"open","template":"","meta":{"_acf_changed":false,"footnotes":""},"class_list":["post-112","page","type-page","status-publish","has-post-thumbnail","hentry"],"acf":[],"yoast_head":"<!-- This site is optimized with the Yoast SEO plugin v27.4 - https:\/\/yoast.com\/product\/yoast-seo-wordpress\/ -->\n<title>Startseite - ISC<\/title>\n<meta name=\"robots\" content=\"index, follow, max-snippet:-1, max-image-preview:large, max-video-preview:-1\" \/>\n<link rel=\"canonical\" href=\"https:\/\/wittener-isc.de\/ls\/\" \/>\n<meta property=\"og:locale\" content=\"de_DE\" \/>\n<meta property=\"og:type\" content=\"article\" \/>\n<meta property=\"og:title\" content=\"Startseite - ISC\" \/>\n<meta property=\"og:description\" content=\"Hier sind Informationen.\u00a0 \u00dcber den\u00a0ISC. Das hei\u00dft: Inklusiver Sport-Club Witten. Seit 2 Jahren gibt es den ISC.\u00a0 Der ISC macht Sport-Kurse. F\u00fcr Menschen mit Behinderungen. Und f\u00fcr Menschen ohne Behinderungen. Die Kurse sind f\u00fcr alle gemeinsam. Unten auf dieser Seite finden Sie die Kurse.\u00a0 Es gibt R\u00fccken-Kurse. Diese Kurse sind f\u00fcr einen gesunden R\u00fccken. [...]Weiterlesen\" \/>\n<meta property=\"og:url\" content=\"https:\/\/wittener-isc.de\/ls\/\" \/>\n<meta property=\"og:site_name\" content=\"ISC\" \/>\n<meta property=\"article:modified_time\" content=\"2021-11-25T12:09:44+00:00\" \/>\n<meta property=\"og:image\" content=\"https:\/\/wittener-isc.de\/wp-content\/uploads\/iStock-670154064-scaled.jpg\" \/>\n\t<meta property=\"og:image:width\" content=\"2560\" \/>\n\t<meta property=\"og:image:height\" content=\"1707\" \/>\n\t<meta property=\"og:image:type\" content=\"image\/jpeg\" \/>\n<meta name=\"twitter:card\" content=\"summary_large_image\" \/>\n<script type=\"application\/ld+json\" class=\"yoast-schema-graph\">{\"@context\":\"https:\\\/\\\/schema.org\",\"@graph\":[{\"@type\":\"WebPage\",\"@id\":\"https:\\\/\\\/wittener-isc.de\\\/ls\\\/\",\"url\":\"https:\\\/\\\/wittener-isc.de\\\/ls\\\/\",\"name\":\"Startseite - ISC\",\"isPartOf\":{\"@id\":\"https:\\\/\\\/wittener-isc.de\\\/#website\"},\"primaryImageOfPage\":{\"@id\":\"https:\\\/\\\/wittener-isc.de\\\/ls\\\/#primaryimage\"},\"image\":{\"@id\":\"https:\\\/\\\/wittener-isc.de\\\/ls\\\/#primaryimage\"},\"thumbnailUrl\":\"https:\\\/\\\/wittener-isc.de\\\/wp-content\\\/uploads\\\/iStock-670154064-scaled.jpg\",\"datePublished\":\"2021-05-18T14:01:21+00:00\",\"dateModified\":\"2021-11-25T12:09:44+00:00\",\"breadcrumb\":{\"@id\":\"https:\\\/\\\/wittener-isc.de\\\/ls\\\/#breadcrumb\"},\"inLanguage\":\"de-DE-ls\",\"potentialAction\":[{\"@type\":\"ReadAction\",\"target\":[\"https:\\\/\\\/wittener-isc.de\\\/ls\\\/\"]}]},{\"@type\":\"ImageObject\",\"inLanguage\":\"de-DE-ls\",\"@id\":\"https:\\\/\\\/wittener-isc.de\\\/ls\\\/#primaryimage\",\"url\":\"https:\\\/\\\/wittener-isc.de\\\/wp-content\\\/uploads\\\/iStock-670154064-scaled.jpg\",\"contentUrl\":\"https:\\\/\\\/wittener-isc.de\\\/wp-content\\\/uploads\\\/iStock-670154064-scaled.jpg\",\"width\":2560,\"height\":1707,\"caption\":\"young woman in a wheelchair and his friends are playing boccia\"},{\"@type\":\"BreadcrumbList\",\"@id\":\"https:\\\/\\\/wittener-isc.de\\\/ls\\\/#breadcrumb\",\"itemListElement\":[{\"@type\":\"ListItem\",\"position\":1,\"name\":\"Startseite\",\"item\":\"https:\\\/\\\/wittener-isc.de\\\/ls\\\/\"},{\"@type\":\"ListItem\",\"position\":2,\"name\":\"Startseite\"}]},{\"@type\":\"WebSite\",\"@id\":\"https:\\\/\\\/wittener-isc.de\\\/#website\",\"url\":\"https:\\\/\\\/wittener-isc.de\\\/\",\"name\":\"ISC Witten e.V.\",\"description\":\"Integrativer Sport Club Witten\",\"publisher\":{\"@id\":\"https:\\\/\\\/wittener-isc.de\\\/#organization\"},\"potentialAction\":[{\"@type\":\"SearchAction\",\"target\":{\"@type\":\"EntryPoint\",\"urlTemplate\":\"https:\\\/\\\/wittener-isc.de\\\/?s={search_term_string}\"},\"query-input\":{\"@type\":\"PropertyValueSpecification\",\"valueRequired\":true,\"valueName\":\"search_term_string\"}}],\"inLanguage\":\"de-DE-ls\"},{\"@type\":\"Organization\",\"@id\":\"https:\\\/\\\/wittener-isc.de\\\/#organization\",\"name\":\"ISC Witten e.V.\",\"url\":\"https:\\\/\\\/wittener-isc.de\\\/\",\"logo\":{\"@type\":\"ImageObject\",\"inLanguage\":\"de-DE-ls\",\"@id\":\"https:\\\/\\\/wittener-isc.de\\\/#\\\/schema\\\/logo\\\/image\\\/\",\"url\":\"https:\\\/\\\/wittener-isc.de\\\/wp-content\\\/uploads\\\/isc-logo.jpg\",\"contentUrl\":\"https:\\\/\\\/wittener-isc.de\\\/wp-content\\\/uploads\\\/isc-logo.jpg\",\"width\":834,\"height\":400,\"caption\":\"ISC Witten e.V.\"},\"image\":{\"@id\":\"https:\\\/\\\/wittener-isc.de\\\/#\\\/schema\\\/logo\\\/image\\\/\"}}]}<\/script>\n<!-- \/ Yoast SEO plugin. -->","yoast_head_json":{"title":"Startseite - ISC","robots":{"index":"index","follow":"follow","max-snippet":"max-snippet:-1","max-image-preview":"max-image-preview:large","max-video-preview":"max-video-preview:-1"},"canonical":"https:\/\/wittener-isc.de\/ls\/","og_locale":"de_DE","og_type":"article","og_title":"Startseite - ISC","og_description":"Hier sind Informationen.\u00a0 \u00dcber den\u00a0ISC. Das hei\u00dft: Inklusiver Sport-Club Witten. Seit 2 Jahren gibt es den ISC.\u00a0 Der ISC macht Sport-Kurse. F\u00fcr Menschen mit Behinderungen. Und f\u00fcr Menschen ohne Behinderungen. Die Kurse sind f\u00fcr alle gemeinsam. Unten auf dieser Seite finden Sie die Kurse.\u00a0 Es gibt R\u00fccken-Kurse. Diese Kurse sind f\u00fcr einen gesunden R\u00fccken. [...]Weiterlesen","og_url":"https:\/\/wittener-isc.de\/ls\/","og_site_name":"ISC","article_modified_time":"2021-11-25T12:09:44+00:00","og_image":[{"width":2560,"height":1707,"url":"https:\/\/wittener-isc.de\/wp-content\/uploads\/iStock-670154064-scaled.jpg","type":"image\/jpeg"}],"twitter_card":"summary_large_image","schema":{"@context":"https:\/\/schema.org","@graph":[{"@type":"WebPage","@id":"https:\/\/wittener-isc.de\/ls\/","url":"https:\/\/wittener-isc.de\/ls\/","name":"Startseite - ISC","isPartOf":{"@id":"https:\/\/wittener-isc.de\/#website"},"primaryImageOfPage":{"@id":"https:\/\/wittener-isc.de\/ls\/#primaryimage"},"image":{"@id":"https:\/\/wittener-isc.de\/ls\/#primaryimage"},"thumbnailUrl":"https:\/\/wittener-isc.de\/wp-content\/uploads\/iStock-670154064-scaled.jpg","datePublished":"2021-05-18T14:01:21+00:00","dateModified":"2021-11-25T12:09:44+00:00","breadcrumb":{"@id":"https:\/\/wittener-isc.de\/ls\/#breadcrumb"},"inLanguage":"de-DE-ls","potentialAction":[{"@type":"ReadAction","target":["https:\/\/wittener-isc.de\/ls\/"]}]},{"@type":"ImageObject","inLanguage":"de-DE-ls","@id":"https:\/\/wittener-isc.de\/ls\/#primaryimage","url":"https:\/\/wittener-isc.de\/wp-content\/uploads\/iStock-670154064-scaled.jpg","contentUrl":"https:\/\/wittener-isc.de\/wp-content\/uploads\/iStock-670154064-scaled.jpg","width":2560,"height":1707,"caption":"young woman in a wheelchair and his friends are playing boccia"},{"@type":"BreadcrumbList","@id":"https:\/\/wittener-isc.de\/ls\/#breadcrumb","itemListElement":[{"@type":"ListItem","position":1,"name":"Startseite","item":"https:\/\/wittener-isc.de\/ls\/"},{"@type":"ListItem","position":2,"name":"Startseite"}]},{"@type":"WebSite","@id":"https:\/\/wittener-isc.de\/#website","url":"https:\/\/wittener-isc.de\/","name":"ISC Witten e.V.","description":"Integrativer Sport Club Witten","publisher":{"@id":"https:\/\/wittener-isc.de\/#organization"},"potentialAction":[{"@type":"SearchAction","target":{"@type":"EntryPoint","urlTemplate":"https:\/\/wittener-isc.de\/?s={search_term_string}"},"query-input":{"@type":"PropertyValueSpecification","valueRequired":true,"valueName":"search_term_string"}}],"inLanguage":"de-DE-ls"},{"@type":"Organization","@id":"https:\/\/wittener-isc.de\/#organization","name":"ISC Witten e.V.","url":"https:\/\/wittener-isc.de\/","logo":{"@type":"ImageObject","inLanguage":"de-DE-ls","@id":"https:\/\/wittener-isc.de\/#\/schema\/logo\/image\/","url":"https:\/\/wittener-isc.de\/wp-content\/uploads\/isc-logo.jpg","contentUrl":"https:\/\/wittener-isc.de\/wp-content\/uploads\/isc-logo.jpg","width":834,"height":400,"caption":"ISC Witten e.V."},"image":{"@id":"https:\/\/wittener-isc.de\/#\/schema\/logo\/image\/"}}]}},"_links":{"self":[{"href":"https:\/\/wittener-isc.de\/ls\/wp-json\/wp\/v2\/pages\/112","targetHints":{"allow":["GET"]}}],"collection":[{"href":"https:\/\/wittener-isc.de\/ls\/wp-json\/wp\/v2\/pages"}],"about":[{"href":"https:\/\/wittener-isc.de\/ls\/wp-json\/wp\/v2\/types\/page"}],"author":[{"embeddable":true,"href":"https:\/\/wittener-isc.de\/ls\/wp-json\/wp\/v2\/users\/1"}],"replies":[{"embeddable":true,"href":"https:\/\/wittener-isc.de\/ls\/wp-json\/wp\/v2\/comments?post=112"}],"version-history":[{"count":4,"href":"https:\/\/wittener-isc.de\/ls\/wp-json\/wp\/v2\/pages\/112\/revisions"}],"predecessor-version":[{"id":260,"href":"https:\/\/wittener-isc.de\/ls\/wp-json\/wp\/v2\/pages\/112\/revisions\/260"}],"wp:featuredmedia":[{"embeddable":true,"href":"https:\/\/wittener-isc.de\/ls\/wp-json\/wp\/v2\/media\/192"}],"wp:attachment":[{"href":"https:\/\/wittener-isc.de\/ls\/wp-json\/wp\/v2\/media?parent=112"}],"curies":[{"name":"wp","href":"https:\/\/api.w.org\/{rel}","templated":true}]}}