{"id":121,"date":"2021-05-18T16:09:28","date_gmt":"2021-05-18T14:09:28","guid":{"rendered":"https:\/\/wittener-isc.de\/?page_id=121"},"modified":"2021-11-25T13:27:05","modified_gmt":"2021-11-25T12:27:05","slug":"der-verein","status":"publish","type":"page","link":"https:\/\/wittener-isc.de\/ls\/der-verein\/","title":{"rendered":"Der Verein"},"content":{"rendered":"<h4><span style=\"font-size: 14pt;\">Vor-Sitz<\/span><\/h4>\n<p><span style=\"font-size: 14pt;\">Sina Caspers<\/span><br \/>\n<span style=\"font-size: 14pt;\">Janis Dr\u00f6gekamp<\/span><\/p>\n<h4><span style=\"font-size: 14pt;\">Vorstands-Mitglieder<\/span><\/h4>\n<p><span style=\"font-size: 14pt;\">Andreas Blabbert<\/span><\/p>\n<h4><span style=\"font-size: 14pt;\">Gesch\u00e4fts-F\u00fchrung<\/span><\/h4>\n<p>&nbsp;<\/p>\n","protected":false},"excerpt":{"rendered":"<p>Vor-Sitz Sina Caspers Janis Dr\u00f6gekamp Vorstands-Mitglieder Andreas Blabbert Gesch\u00e4fts-F\u00fchrung &nbsp; [&#8230;]<\/p>\n<p><a href=\"https:\/\/wittener-isc.de\/ls\/der-verein\/\"><button class=\"read-more\">Weiterlesen<\/button><\/a><\/p>\n","protected":false},"author":1,"featured_media":0,"parent":0,"menu_order":0,"comment_status":"closed","ping_status":"closed","template":"der-verein.php","meta":{"_acf_changed":false,"footnotes":""},"class_list":["post-121","page","type-page","status-publish","hentry"],"acf":[],"yoast_head":"<!-- This site is optimized with the Yoast SEO plugin v27.5 - https:\/\/yoast.com\/product\/yoast-seo-wordpress\/ -->\n<title>Der Verein - ISC<\/title>\n<meta name=\"robots\" content=\"index, follow, max-snippet:-1, max-image-preview:large, max-video-preview:-1\" \/>\n<link rel=\"canonical\" href=\"https:\/\/wittener-isc.de\/der-verein\/\" \/>\n<meta property=\"og:locale\" content=\"de_DE\" \/>\n<meta property=\"og:type\" content=\"article\" \/>\n<meta property=\"og:title\" content=\"Der Verein - ISC\" \/>\n<meta property=\"og:description\" content=\"Vor-Sitz Sina Caspers Janis Dr\u00f6gekamp Vorstands-Mitglieder Andreas Blabbert Gesch\u00e4fts-F\u00fchrung &nbsp; [...]Weiterlesen\" \/>\n<meta property=\"og:url\" content=\"https:\/\/wittener-isc.de\/der-verein\/\" \/>\n<meta property=\"og:site_name\" content=\"ISC\" \/>\n<meta property=\"article:modified_time\" content=\"2021-11-25T12:27:05+00:00\" \/>\n<meta name=\"twitter:card\" content=\"summary_large_image\" \/>\n<script type=\"application\/ld+json\" class=\"yoast-schema-graph\">{\"@context\":\"https:\\\/\\\/schema.org\",\"@graph\":[{\"@type\":\"WebPage\",\"@id\":\"https:\\\/\\\/wittener-isc.de\\\/der-verein\\\/\",\"url\":\"https:\\\/\\\/wittener-isc.de\\\/der-verein\\\/\",\"name\":\"Der Verein - ISC\",\"isPartOf\":{\"@id\":\"https:\\\/\\\/wittener-isc.de\\\/#website\"},\"datePublished\":\"2021-05-18T14:09:28+00:00\",\"dateModified\":\"2021-11-25T12:27:05+00:00\",\"breadcrumb\":{\"@id\":\"https:\\\/\\\/wittener-isc.de\\\/der-verein\\\/#breadcrumb\"},\"inLanguage\":\"de-DE-ls\",\"potentialAction\":[{\"@type\":\"ReadAction\",\"target\":[\"https:\\\/\\\/wittener-isc.de\\\/der-verein\\\/\"]}]},{\"@type\":\"BreadcrumbList\",\"@id\":\"https:\\\/\\\/wittener-isc.de\\\/der-verein\\\/#breadcrumb\",\"itemListElement\":[{\"@type\":\"ListItem\",\"position\":1,\"name\":\"Startseite\",\"item\":\"https:\\\/\\\/wittener-isc.de\\\/ls\\\/\"},{\"@type\":\"ListItem\",\"position\":2,\"name\":\"Der Verein\"}]},{\"@type\":\"WebSite\",\"@id\":\"https:\\\/\\\/wittener-isc.de\\\/#website\",\"url\":\"https:\\\/\\\/wittener-isc.de\\\/\",\"name\":\"ISC Witten e.V.\",\"description\":\"Integrativer Sport Club Witten\",\"publisher\":{\"@id\":\"https:\\\/\\\/wittener-isc.de\\\/#organization\"},\"potentialAction\":[{\"@type\":\"SearchAction\",\"target\":{\"@type\":\"EntryPoint\",\"urlTemplate\":\"https:\\\/\\\/wittener-isc.de\\\/?s={search_term_string}\"},\"query-input\":{\"@type\":\"PropertyValueSpecification\",\"valueRequired\":true,\"valueName\":\"search_term_string\"}}],\"inLanguage\":\"de-DE-ls\"},{\"@type\":\"Organization\",\"@id\":\"https:\\\/\\\/wittener-isc.de\\\/#organization\",\"name\":\"ISC Witten e.V.\",\"url\":\"https:\\\/\\\/wittener-isc.de\\\/\",\"logo\":{\"@type\":\"ImageObject\",\"inLanguage\":\"de-DE-ls\",\"@id\":\"https:\\\/\\\/wittener-isc.de\\\/#\\\/schema\\\/logo\\\/image\\\/\",\"url\":\"https:\\\/\\\/wittener-isc.de\\\/wp-content\\\/uploads\\\/isc-logo.jpg\",\"contentUrl\":\"https:\\\/\\\/wittener-isc.de\\\/wp-content\\\/uploads\\\/isc-logo.jpg\",\"width\":834,\"height\":400,\"caption\":\"ISC Witten e.V.\"},\"image\":{\"@id\":\"https:\\\/\\\/wittener-isc.de\\\/#\\\/schema\\\/logo\\\/image\\\/\"}}]}<\/script>\n<!-- \/ Yoast SEO plugin. -->","yoast_head_json":{"title":"Der Verein - ISC","robots":{"index":"index","follow":"follow","max-snippet":"max-snippet:-1","max-image-preview":"max-image-preview:large","max-video-preview":"max-video-preview:-1"},"canonical":"https:\/\/wittener-isc.de\/der-verein\/","og_locale":"de_DE","og_type":"article","og_title":"Der Verein - ISC","og_description":"Vor-Sitz Sina Caspers Janis Dr\u00f6gekamp Vorstands-Mitglieder Andreas Blabbert Gesch\u00e4fts-F\u00fchrung &nbsp; [...]Weiterlesen","og_url":"https:\/\/wittener-isc.de\/der-verein\/","og_site_name":"ISC","article_modified_time":"2021-11-25T12:27:05+00:00","twitter_card":"summary_large_image","schema":{"@context":"https:\/\/schema.org","@graph":[{"@type":"WebPage","@id":"https:\/\/wittener-isc.de\/der-verein\/","url":"https:\/\/wittener-isc.de\/der-verein\/","name":"Der Verein - ISC","isPartOf":{"@id":"https:\/\/wittener-isc.de\/#website"},"datePublished":"2021-05-18T14:09:28+00:00","dateModified":"2021-11-25T12:27:05+00:00","breadcrumb":{"@id":"https:\/\/wittener-isc.de\/der-verein\/#breadcrumb"},"inLanguage":"de-DE-ls","potentialAction":[{"@type":"ReadAction","target":["https:\/\/wittener-isc.de\/der-verein\/"]}]},{"@type":"BreadcrumbList","@id":"https:\/\/wittener-isc.de\/der-verein\/#breadcrumb","itemListElement":[{"@type":"ListItem","position":1,"name":"Startseite","item":"https:\/\/wittener-isc.de\/ls\/"},{"@type":"ListItem","position":2,"name":"Der Verein"}]},{"@type":"WebSite","@id":"https:\/\/wittener-isc.de\/#website","url":"https:\/\/wittener-isc.de\/","name":"ISC Witten e.V.","description":"Integrativer Sport Club Witten","publisher":{"@id":"https:\/\/wittener-isc.de\/#organization"},"potentialAction":[{"@type":"SearchAction","target":{"@type":"EntryPoint","urlTemplate":"https:\/\/wittener-isc.de\/?s={search_term_string}"},"query-input":{"@type":"PropertyValueSpecification","valueRequired":true,"valueName":"search_term_string"}}],"inLanguage":"de-DE-ls"},{"@type":"Organization","@id":"https:\/\/wittener-isc.de\/#organization","name":"ISC Witten e.V.","url":"https:\/\/wittener-isc.de\/","logo":{"@type":"ImageObject","inLanguage":"de-DE-ls","@id":"https:\/\/wittener-isc.de\/#\/schema\/logo\/image\/","url":"https:\/\/wittener-isc.de\/wp-content\/uploads\/isc-logo.jpg","contentUrl":"https:\/\/wittener-isc.de\/wp-content\/uploads\/isc-logo.jpg","width":834,"height":400,"caption":"ISC Witten e.V."},"image":{"@id":"https:\/\/wittener-isc.de\/#\/schema\/logo\/image\/"}}]}},"_links":{"self":[{"href":"https:\/\/wittener-isc.de\/ls\/wp-json\/wp\/v2\/pages\/121","targetHints":{"allow":["GET"]}}],"collection":[{"href":"https:\/\/wittener-isc.de\/ls\/wp-json\/wp\/v2\/pages"}],"about":[{"href":"https:\/\/wittener-isc.de\/ls\/wp-json\/wp\/v2\/types\/page"}],"author":[{"embeddable":true,"href":"https:\/\/wittener-isc.de\/ls\/wp-json\/wp\/v2\/users\/1"}],"replies":[{"embeddable":true,"href":"https:\/\/wittener-isc.de\/ls\/wp-json\/wp\/v2\/comments?post=121"}],"version-history":[{"count":9,"href":"https:\/\/wittener-isc.de\/ls\/wp-json\/wp\/v2\/pages\/121\/revisions"}],"predecessor-version":[{"id":263,"href":"https:\/\/wittener-isc.de\/ls\/wp-json\/wp\/v2\/pages\/121\/revisions\/263"}],"wp:attachment":[{"href":"https:\/\/wittener-isc.de\/ls\/wp-json\/wp\/v2\/media?parent=121"}],"curies":[{"name":"wp","href":"https:\/\/api.w.org\/{rel}","templated":true}]}}